{"id":389,"date":"2022-11-30T13:24:30","date_gmt":"2022-11-30T13:24:30","guid":{"rendered":"http:\/\/lasaladeesperaelmusical.es\/?page_id=389"},"modified":"2024-12-11T12:24:15","modified_gmt":"2024-12-11T12:24:15","slug":"argumento","status":"publish","type":"page","link":"http:\/\/lasaladeesperaelmusical.es\/index.php\/argumento\/","title":{"rendered":"Argumento"},"content":{"rendered":"\t\t<div data-elementor-type=\"wp-page\" data-elementor-id=\"389\" class=\"elementor elementor-389\" data-elementor-post-type=\"page\">\n\t\t\t\t<div class=\"elementor-element elementor-element-99977ca e-con-full e-flex e-con e-parent\" data-id=\"99977ca\" data-element_type=\"container\" data-settings=\"{&quot;background_background&quot;:&quot;classic&quot;}\">\n\t\t<div class=\"elementor-element elementor-element-dfefb0b e-con-full e-flex e-con e-child\" data-id=\"dfefb0b\" data-element_type=\"container\">\n\t\t\t\t<div class=\"elementor-element elementor-element-fad676e elementor-invisible elementor-widget elementor-widget-text-editor\" data-id=\"fad676e\" data-element_type=\"widget\" data-settings=\"{&quot;_animation&quot;:&quot;fadeInDown&quot;}\" data-widget_type=\"text-editor.default\">\n\t\t\t\t<div class=\"elementor-widget-container\">\n\t\t\t\t\t\t\t<p style=\"text-align: center;\">Hoy en d\u00eda a nadie le gusta que le hagan perder el tiempo, pero&#8230;<\/p>\t\t\t\t\t\t<\/div>\n\t\t\t\t<\/div>\n\t\t\t\t<div class=\"elementor-element elementor-element-b070c95 elementor-invisible elementor-widget elementor-widget-heading\" data-id=\"b070c95\" data-element_type=\"widget\" data-settings=\"{&quot;_animation&quot;:&quot;fadeInDown&quot;}\" data-widget_type=\"heading.default\">\n\t\t\t\t<div class=\"elementor-widget-container\">\n\t\t\t<h2 class=\"elementor-heading-title elementor-size-default\">\u00bfQu\u00e9 har\u00edas si te quedases atrapado \nen una sala de espera con unos extra\u00f1os...?<\/h2>\t\t<\/div>\n\t\t\t\t<\/div>\n\t\t\t\t<div class=\"elementor-element elementor-element-333e362 elementor-invisible elementor-widget elementor-widget-text-editor\" data-id=\"333e362\" data-element_type=\"widget\" data-settings=\"{&quot;_animation&quot;:&quot;fadeInDown&quot;}\" data-widget_type=\"text-editor.default\">\n\t\t\t\t<div class=\"elementor-widget-container\">\n\t\t\t\t\t\t\t<p>Ven a descubrirlo en \u00abLa Sala de Espera\u00bb, un nuevo musical original que te har\u00e1 re\u00edr y llorar, lleno de temazos y puro espect\u00e1culo.<\/p><p><!-- \/wp:paragraph --><\/p>\t\t\t\t\t\t<\/div>\n\t\t\t\t<\/div>\n\t\t\t\t<div class=\"elementor-element elementor-element-3681ae5 elementor-align-center animated-slow elementor-invisible elementor-widget elementor-widget-button\" data-id=\"3681ae5\" data-element_type=\"widget\" data-settings=\"{&quot;_animation&quot;:&quot;tada&quot;}\" data-widget_type=\"button.default\">\n\t\t\t\t<div class=\"elementor-widget-container\">\n\t\t\t\t\t\t\t<div class=\"elementor-button-wrapper\">\n\t\t\t\t\t<a class=\"elementor-button elementor-button-link elementor-size-sm\" href=\"#\">\n\t\t\t\t\t\t<span class=\"elementor-button-content-wrapper\">\n\t\t\t\t\t\t\t\t\t<span class=\"elementor-button-text\">Compra tus entradas<\/span>\n\t\t\t\t\t<\/span>\n\t\t\t\t\t<\/a>\n\t\t\t\t<\/div>\n\t\t\t\t\t\t<\/div>\n\t\t\t\t<\/div>\n\t\t\t\t<\/div>\n\t\t\t\t<\/div>\n\t\t<div class=\"elementor-element elementor-element-77198ae e-flex e-con-boxed e-con e-parent\" data-id=\"77198ae\" data-element_type=\"container\" data-settings=\"{&quot;background_background&quot;:&quot;slideshow&quot;,&quot;background_slideshow_gallery&quot;:[{&quot;id&quot;:638,&quot;url&quot;:&quot;http:\\\/\\\/lasaladeesperaelmusical.es\\\/wp-content\\\/uploads\\\/2024\\\/12\\\/La-Sala-de-Espera_FUNCION-1635-scaled.jpg&quot;},{&quot;id&quot;:639,&quot;url&quot;:&quot;http:\\\/\\\/lasaladeesperaelmusical.es\\\/wp-content\\\/uploads\\\/2024\\\/12\\\/La-Sala-de-Espera_FUNCION-0860-scaled.jpg&quot;},{&quot;id&quot;:640,&quot;url&quot;:&quot;http:\\\/\\\/lasaladeesperaelmusical.es\\\/wp-content\\\/uploads\\\/2024\\\/12\\\/La-Sala-de-Espera_FUNCION-0731-scaled.jpg&quot;},{&quot;id&quot;:641,&quot;url&quot;:&quot;http:\\\/\\\/lasaladeesperaelmusical.es\\\/wp-content\\\/uploads\\\/2024\\\/12\\\/La-Sala-de-Espera_FUNCION-0561-1-scaled.jpg&quot;},{&quot;id&quot;:642,&quot;url&quot;:&quot;http:\\\/\\\/lasaladeesperaelmusical.es\\\/wp-content\\\/uploads\\\/2024\\\/12\\\/La-Sala-de-Espera_FUNCION-0494-1-scaled.jpg&quot;},{&quot;id&quot;:643,&quot;url&quot;:&quot;http:\\\/\\\/lasaladeesperaelmusical.es\\\/wp-content\\\/uploads\\\/2024\\\/12\\\/La-Sala-de-Espera_FUNCION-0462-scaled.jpg&quot;},{&quot;id&quot;:644,&quot;url&quot;:&quot;http:\\\/\\\/lasaladeesperaelmusical.es\\\/wp-content\\\/uploads\\\/2024\\\/12\\\/La-Sala-de-Espera_FUNCION-0002-scaled.jpg&quot;}],&quot;background_slideshow_lazyload&quot;:&quot;yes&quot;,&quot;shape_divider_top&quot;:&quot;clouds&quot;,&quot;shape_divider_bottom&quot;:&quot;clouds&quot;,&quot;background_slideshow_loop&quot;:&quot;yes&quot;,&quot;background_slideshow_slide_duration&quot;:5000,&quot;background_slideshow_slide_transition&quot;:&quot;fade&quot;,&quot;background_slideshow_transition_duration&quot;:500}\">\n\t\t\t\t\t<div class=\"e-con-inner\">\n\t\t\t\t<div class=\"elementor-shape elementor-shape-top\" data-negative=\"false\">\n\t\t\t<svg xmlns=\"http:\/\/www.w3.org\/2000\/svg\" viewBox=\"0 0 283.5 27.8\" preserveAspectRatio=\"xMidYMax slice\">\n  <path class=\"elementor-shape-fill\" d=\"M0 0v6.7c1.9-.8 4.7-1.4 8.5-1 9.5 1.1 11.1 6 11.1 6s2.1-.7 4.3-.2c2.1.5 2.8 2.6 2.8 2.6s.2-.5 1.4-.7c1.2-.2 1.7.2 1.7.2s0-2.1 1.9-2.8c1.9-.7 3.6.7 3.6.7s.7-2.9 3.1-4.1 4.7 0 4.7 0 1.2-.5 2.4 0 1.7 1.4 1.7 1.4h1.4c.7 0 1.2.7 1.2.7s.8-1.8 4-2.2c3.5-.4 5.3 2.4 6.2 4.4.4-.4 1-.7 1.8-.9 2.8-.7 4 .7 4 .7s1.7-5 11.1-6c9.5-1.1 12.3 3.9 12.3 3.9s1.2-4.8 5.7-5.7c4.5-.9 6.8 1.8 6.8 1.8s.6-.6 1.5-.9c.9-.2 1.9-.2 1.9-.2s5.2-6.4 12.6-3.3c7.3 3.1 4.7 9 4.7 9s1.9-.9 4 0 2.8 2.4 2.8 2.4 1.9-1.2 4.5-1.2 4.3 1.2 4.3 1.2.2-1 1.4-1.7 2.1-.7 2.1-.7-.5-3.1 2.1-5.5 5.7-1.4 5.7-1.4 1.5-2.3 4.2-1.1c2.7 1.2 1.7 5.2 1.7 5.2s.3-.1 1.3.5c.5.4.8.8.9 1.1.5-1.4 2.4-5.8 8.4-4 7.1 2.1 3.5 8.9 3.5 8.9s.8-.4 2 0 1.1 1.1 1.1 1.1 1.1-1.1 2.3-1.1 2.1.5 2.1.5 1.9-3.6 6.2-1.2 1.9 6.4 1.9 6.4 2.6-2.4 7.4 0c3.4 1.7 3.9 4.9 3.9 4.9s3.3-6.9 10.4-7.9 11.5 2.6 11.5 2.6.8 0 1.2.2c.4.2.9.9.9.9s4.4-3.1 8.3.2c1.9 1.7 1.5 5 1.5 5s.3-1.1 1.6-1.4c1.3-.3 2.3.2 2.3.2s-.1-1.2.5-1.9 1.9-.9 1.9-.9-4.7-9.3 4.4-13.4c5.6-2.5 9.2.9 9.2.9s5-6.2 15.9-6.2 16.1 8.1 16.1 8.1.7-.2 1.6-.4V0H0z\"\/>\n<\/svg>\n\t\t<\/div>\n\t\t\t\t<div class=\"elementor-shape elementor-shape-bottom\" data-negative=\"false\">\n\t\t\t<svg xmlns=\"http:\/\/www.w3.org\/2000\/svg\" viewBox=\"0 0 283.5 27.8\" preserveAspectRatio=\"xMidYMax slice\">\n  <path class=\"elementor-shape-fill\" d=\"M0 0v6.7c1.9-.8 4.7-1.4 8.5-1 9.5 1.1 11.1 6 11.1 6s2.1-.7 4.3-.2c2.1.5 2.8 2.6 2.8 2.6s.2-.5 1.4-.7c1.2-.2 1.7.2 1.7.2s0-2.1 1.9-2.8c1.9-.7 3.6.7 3.6.7s.7-2.9 3.1-4.1 4.7 0 4.7 0 1.2-.5 2.4 0 1.7 1.4 1.7 1.4h1.4c.7 0 1.2.7 1.2.7s.8-1.8 4-2.2c3.5-.4 5.3 2.4 6.2 4.4.4-.4 1-.7 1.8-.9 2.8-.7 4 .7 4 .7s1.7-5 11.1-6c9.5-1.1 12.3 3.9 12.3 3.9s1.2-4.8 5.7-5.7c4.5-.9 6.8 1.8 6.8 1.8s.6-.6 1.5-.9c.9-.2 1.9-.2 1.9-.2s5.2-6.4 12.6-3.3c7.3 3.1 4.7 9 4.7 9s1.9-.9 4 0 2.8 2.4 2.8 2.4 1.9-1.2 4.5-1.2 4.3 1.2 4.3 1.2.2-1 1.4-1.7 2.1-.7 2.1-.7-.5-3.1 2.1-5.5 5.7-1.4 5.7-1.4 1.5-2.3 4.2-1.1c2.7 1.2 1.7 5.2 1.7 5.2s.3-.1 1.3.5c.5.4.8.8.9 1.1.5-1.4 2.4-5.8 8.4-4 7.1 2.1 3.5 8.9 3.5 8.9s.8-.4 2 0 1.1 1.1 1.1 1.1 1.1-1.1 2.3-1.1 2.1.5 2.1.5 1.9-3.6 6.2-1.2 1.9 6.4 1.9 6.4 2.6-2.4 7.4 0c3.4 1.7 3.9 4.9 3.9 4.9s3.3-6.9 10.4-7.9 11.5 2.6 11.5 2.6.8 0 1.2.2c.4.2.9.9.9.9s4.4-3.1 8.3.2c1.9 1.7 1.5 5 1.5 5s.3-1.1 1.6-1.4c1.3-.3 2.3.2 2.3.2s-.1-1.2.5-1.9 1.9-.9 1.9-.9-4.7-9.3 4.4-13.4c5.6-2.5 9.2.9 9.2.9s5-6.2 15.9-6.2 16.1 8.1 16.1 8.1.7-.2 1.6-.4V0H0z\"\/>\n<\/svg>\n\t\t<\/div>\n\t\t\t\t\t<\/div>\n\t\t\t\t<\/div>\n\t\t<div class=\"elementor-element elementor-element-4823eac e-grid e-con-full e-con e-parent\" data-id=\"4823eac\" data-element_type=\"container\" data-settings=\"{&quot;background_background&quot;:&quot;classic&quot;}\">\n\t\t<div class=\"elementor-element elementor-element-bb59e51 e-con-full e-flex e-con e-child\" data-id=\"bb59e51\" data-element_type=\"container\">\n\t\t\t\t<div class=\"elementor-element elementor-element-739e742 elementor-widget elementor-widget-heading\" data-id=\"739e742\" data-element_type=\"widget\" data-widget_type=\"heading.default\">\n\t\t\t\t<div class=\"elementor-widget-container\">\n\t\t\t<h2 class=\"elementor-heading-title elementor-size-default\">Argumento<\/h2>\t\t<\/div>\n\t\t\t\t<\/div>\n\t\t\t\t<\/div>\n\t\t\t\t<div class=\"elementor-element elementor-element-dcc2a25 elementor-widget elementor-widget-text-editor\" data-id=\"dcc2a25\" data-element_type=\"widget\" data-widget_type=\"text-editor.default\">\n\t\t\t\t<div class=\"elementor-widget-container\">\n\t\t\t\t\t\t\t<p style=\"color: #1a1a1a;\"><em><strong>La Sala De Espera: El Musical<\/strong><\/em> es la historia de 9 personajes que se quedan atrapados en la sala de espera de la consulta m\u00e9dica de un peque\u00f1o pueblo llamado Pontown. Todos llegan ah\u00ed por diversas causas, pero se dar\u00e1n cuenta de que sus verdaderos problemas son otros.<\/p>\n<p style=\"color: #1a1a1a;\">A pesar de que el g\u00e9nero principal de la obra es la comedia, tambi\u00e9n se tratan asuntos m\u00e1s serios y hay momentos realmente emotivos que llegan al coraz\u00f3n. Entre otros temas, se habla del estr\u00e9s, la autoestima, las redes sociales, la familia, la aceptaci\u00f3n, el perd\u00f3n, la esperanza, la amistad y el amor. Realidades humanas que nos rodean y con los que todo el mundo puede sentirse identificado.<\/p>\n<p style=\"color: #1a1a1a;\">\u00a0<\/p>\n<p style=\"color: #1a1a1a;\">El espect\u00e1culo es, adem\u00e1s, apto para todos los p\u00fablicos as\u00ed que toda la familia podr\u00e1 disfrutar de la obra.<\/p>\t\t\t\t\t\t<\/div>\n\t\t\t\t<\/div>\n\t\t\t\t<\/div>\n\t\t\t\t<\/div>\n\t\t","protected":false},"excerpt":{"rendered":"<p>Hoy en d\u00eda a nadie le gusta que le hagan perder el tiempo, pero&#8230; \u00bfQu\u00e9 har\u00edas si te quedases atrapado en una sala de espera con unos extra\u00f1os&#8230;? Ven a descubrirlo en \u00abLa Sala de Espera\u00bb, un nuevo musical original que te har\u00e1 re\u00edr y llorar, lleno de temazos y puro espect\u00e1culo. Compra tus entradas [&hellip;]<\/p>\n","protected":false},"author":1,"featured_media":0,"parent":0,"menu_order":0,"comment_status":"closed","ping_status":"closed","template":"elementor_theme","meta":{"footnotes":""},"class_list":["post-389","page","type-page","status-publish","hentry"],"_links":{"self":[{"href":"http:\/\/lasaladeesperaelmusical.es\/index.php\/wp-json\/wp\/v2\/pages\/389","targetHints":{"allow":["GET"]}}],"collection":[{"href":"http:\/\/lasaladeesperaelmusical.es\/index.php\/wp-json\/wp\/v2\/pages"}],"about":[{"href":"http:\/\/lasaladeesperaelmusical.es\/index.php\/wp-json\/wp\/v2\/types\/page"}],"author":[{"embeddable":true,"href":"http:\/\/lasaladeesperaelmusical.es\/index.php\/wp-json\/wp\/v2\/users\/1"}],"replies":[{"embeddable":true,"href":"http:\/\/lasaladeesperaelmusical.es\/index.php\/wp-json\/wp\/v2\/comments?post=389"}],"version-history":[{"count":0,"href":"http:\/\/lasaladeesperaelmusical.es\/index.php\/wp-json\/wp\/v2\/pages\/389\/revisions"}],"wp:attachment":[{"href":"http:\/\/lasaladeesperaelmusical.es\/index.php\/wp-json\/wp\/v2\/media?parent=389"}],"curies":[{"name":"wp","href":"https:\/\/api.w.org\/{rel}","templated":true}]}}